{"id":515,"date":"2020-04-14T21:56:45","date_gmt":"2020-04-14T19:56:45","guid":{"rendered":"http:\/\/jwe-web.net\/?page_id=515"},"modified":"2020-05-11T20:38:21","modified_gmt":"2020-05-11T18:38:21","slug":"bilder-images","status":"publish","type":"page","link":"http:\/\/jwe-web.net\/?page_id=515","title":{"rendered":"Bilder &#8211; Images"},"content":{"rendered":"\n<p>Dies ist meine aktuelle Galerie-Ausstellung-Fotosammlung. Diese Sammlung ist immer nur aktuell, niemals dauerhaft und einfach nur  &#8222;meins&#8220;. Mal schauen, ob ich sp\u00e4ter Kommentare noch zulasse&#8230;. Bilder hier und auf Flickr?! (->Link auf die <a href=\"https:\/\/flickr.com\/photos\/jwe\/albums\" target=\"_blank\" rel=\"noreferrer noopener\">Flickr-Alben<\/a>) Konkurrenz? Doppelt? &#8211; Ich arbeite daran &#8230; <\/p>\n\n\n\n<div class=\"wp-block-uagb-info-box uagb-infobox__outer-wrap uagb-block-66cbedd0-b767-4053-8f3c-0ebb24758297\"><div class=\"uagb-infobox__content-wrap uagb-infobox uagb-infobox-has-image uagb-infobox-icon-left uagb-infobox-left uagb-infobox-image-valign-top uagb-infobox-enable-border-radius \"><div class=\"uagb-ifb-left-right-wrap\"><div class=\"uagb-ifb-image-icon-content uagb-ifb-imgicon-wrap\"><div class=\"uagb-ifb-image\"><div class=\"uagb-ifb-image-content\"><img class=\"\" src=\"http:\/\/jwe-web.net\/wp-content\/uploads\/2020\/04\/IMG_2195-150x150.jpg\" alt=\"\"\/><\/div><\/div><\/div><div class=\"uagb-ifb-content\"><div class=\"uagb-ifb-title-wrap\"><h3 class=\"uagb-ifb-title\"><a href=\"http:\/\/jwe-web.net\/?page_id=669\">Fr\u00fchling 2020<\/a><\/h3><\/div><div class=\"uagb-ifb-separator-parent\"><div class=\"uagb-ifb-separator\"><\/div><\/div><div class=\"uagb-ifb-text-wrap\"><p class=\"uagb-ifb-desc\">aktuelles Zeugs, nur zeitlich begrenzt<br>Was f\u00fcr Farben, Fr\u00fchling w\u00e4hrend Blockpause<br>(tempor\u00e4r, fl\u00fcchtig)<\/p><\/div><\/div><\/div><\/div><\/div>\n\n\n\n<div class=\"wp-block-uagb-info-box uagb-infobox__outer-wrap uagb-block-65755064-c27f-4393-942f-385477e09a77\"><div class=\"uagb-infobox__content-wrap uagb-infobox uagb-infobox-has-image uagb-infobox-icon-right uagb-infobox-right uagb-infobox-image-valign-top uagb-infobox-enable-border-radius \"><div class=\"uagb-ifb-left-right-wrap\"><div class=\"uagb-ifb-content\"><div class=\"uagb-ifb-title-wrap\"><h3 class=\"uagb-ifb-title\"><a href=\"http:\/\/jwe-web.net\/?page_id=665\">Hotel-Kunst<\/a><\/h3><\/div><div class=\"uagb-ifb-separator-parent\"><div class=\"uagb-ifb-separator\"><\/div><\/div><div class=\"uagb-ifb-text-wrap\"><p class=\"uagb-ifb-desc\">Fundst\u00fccke in Hotels und \u00dcbernachtungen,<br>alle selbst gesehen &#8211; immer beeindruckt.<br>Auf alle F\u00e4lle fotografiert! (dauerhaft)<\/p><\/div><\/div><div class=\"uagb-ifb-image-icon-content uagb-ifb-imgicon-wrap\"><div class=\"uagb-ifb-image\"><div class=\"uagb-ifb-image-content\"><img class=\"\" src=\"http:\/\/jwe-web.net\/wp-content\/uploads\/2020\/04\/IMG_1107-150x150.jpg\" alt=\"\"\/><\/div><\/div><\/div><\/div><\/div><\/div>\n\n\n\n<div class=\"wp-block-uagb-info-box uagb-infobox__outer-wrap uagb-block-442092ae-749e-451a-a1bc-68c21aafa4f8\"><div class=\"uagb-infobox__content-wrap uagb-infobox uagb-infobox-has-image uagb-infobox-icon-left uagb-infobox-left uagb-infobox-image-valign-top uagb-infobox-enable-border-radius \"><div class=\"uagb-ifb-left-right-wrap\"><div class=\"uagb-ifb-image-icon-content uagb-ifb-imgicon-wrap\"><div class=\"uagb-ifb-image\"><div class=\"uagb-ifb-image-content\"><img class=\"\" src=\"http:\/\/jwe-web.net\/wp-content\/uploads\/2020\/04\/IMG_0707a-150x150.jpg\" alt=\"\"\/><\/div><\/div><\/div><div class=\"uagb-ifb-content\"><div class=\"uagb-ifb-title-wrap\"><h3 class=\"uagb-ifb-title\"><a href=\"http:\/\/jwe-web.net\/?page_id=716\">Crazy<\/a><\/h3><\/div><div class=\"uagb-ifb-separator-parent\"><div class=\"uagb-ifb-separator\"><\/div><\/div><div class=\"uagb-ifb-text-wrap\"><p class=\"uagb-ifb-desc\">Verr\u00fccktes, Seltsames, Bemerkenswertes<br>Alles habe ich in echt gesehen, nur manchmal angefasst<br>(dauerhafte Sammlung), <span class=\"has-inline-color has-blue-color\"><a href=\"https:\/\/flickr.com\/photos\/jwe\/albums\/72157594355656975\"><strong>Flick<\/strong><\/a><\/span><span style=\"color:#a30097\" class=\"has-inline-color\"><a href=\"https:\/\/flickr.com\/photos\/jwe\/albums\/72157594355656975\"><strong>r<\/strong> <\/a><\/span>hat mehr davon &#8230;<br><br><\/p><\/div><\/div><\/div><\/div><\/div>\n\n\n\n<p><\/p>\n","protected":false},"excerpt":{"rendered":"<p>Dies ist meine aktuelle Galerie-Ausstellung-Fotosammlung. Diese Sammlung ist immer nur aktuell, niemals dauerhaft und einfach nur &#8222;meins&#8220;. Mal schauen, ob ich sp\u00e4ter Kommentare noch zulasse&#8230;. Bilder hier und auf Flickr?! (->Link auf die Flickr-Alben) Konkurrenz? Doppelt? &#8211; Ich arbeite daran &#8230; <a class=\"continue-reading-link\" href=\"http:\/\/jwe-web.net\/?page_id=515\">Continue reading<\/a><\/p>\n","protected":false},"author":1,"featured_media":0,"parent":0,"menu_order":0,"comment_status":"closed","ping_status":"closed","template":"","meta":[],"uagb_featured_image_src":{"full":false,"thumbnail":false,"medium":false,"medium_large":false,"large":false,"1536x1536":false,"2048x2048":false,"custom":false,"post-thumbnail":false,"header":false,"slider":false,"parabola-columns":false},"uagb_author_info":{"display_name":"Dach42","author_link":"http:\/\/jwe-web.net\/?author=1"},"uagb_comment_info":0,"uagb_excerpt":"Dies ist meine aktuelle Galerie-Ausstellung-Fotosammlung. Diese Sammlung ist immer nur aktuell, niemals dauerhaft und einfach nur &#8222;meins&#8220;. Mal schauen, ob ich sp\u00e4ter Kommentare noch zulasse&#8230;. Bilder hier und auf Flickr?! (->Link auf die Flickr-Alben) Konkurrenz? Doppelt? &#8211; Ich arbeite daran &#8230; Continue reading","_links":{"self":[{"href":"http:\/\/jwe-web.net\/index.php?rest_route=\/wp\/v2\/pages\/515"}],"collection":[{"href":"http:\/\/jwe-web.net\/index.php?rest_route=\/wp\/v2\/pages"}],"about":[{"href":"http:\/\/jwe-web.net\/index.php?rest_route=\/wp\/v2\/types\/page"}],"author":[{"embeddable":true,"href":"http:\/\/jwe-web.net\/index.php?rest_route=\/wp\/v2\/users\/1"}],"replies":[{"embeddable":true,"href":"http:\/\/jwe-web.net\/index.php?rest_route=%2Fwp%2Fv2%2Fcomments&post=515"}],"version-history":[{"count":28,"href":"http:\/\/jwe-web.net\/index.php?rest_route=\/wp\/v2\/pages\/515\/revisions"}],"predecessor-version":[{"id":1329,"href":"http:\/\/jwe-web.net\/index.php?rest_route=\/wp\/v2\/pages\/515\/revisions\/1329"}],"wp:attachment":[{"href":"http:\/\/jwe-web.net\/index.php?rest_route=%2Fwp%2Fv2%2Fmedia&parent=515"}],"curies":[{"name":"wp","href":"https:\/\/api.w.org\/{rel}","templated":true}]}}